{"id":503,"date":"2026-01-03T18:17:53","date_gmt":"2026-01-03T18:17:53","guid":{"rendered":"https:\/\/krzysztofsmolen.pl\/?page_id=503"},"modified":"2026-01-03T18:18:10","modified_gmt":"2026-01-03T18:18:10","slug":"polityka-prywatnosci","status":"publish","type":"page","link":"https:\/\/krzysztofsmolen.pl\/index.php\/polityka-prywatnosci\/","title":{"rendered":"Polityka Prywatno\u015bci"},"content":{"rendered":"<p>[et_pb_section fb_built=&#8221;1&#8243; theme_builder_area=&#8221;post_content&#8221; _builder_version=&#8221;4.27.5&#8243; _module_preset=&#8221;default&#8221;][et_pb_row _builder_version=&#8221;4.27.5&#8243; _module_preset=&#8221;default&#8221; theme_builder_area=&#8221;post_content&#8221;][et_pb_column _builder_version=&#8221;4.27.5&#8243; _module_preset=&#8221;default&#8221; type=&#8221;4_4&#8243; theme_builder_area=&#8221;post_content&#8221;][et_pb_text _builder_version=&#8221;4.27.5&#8243; _module_preset=&#8221;default&#8221; theme_builder_area=&#8221;post_content&#8221; hover_enabled=&#8221;0&#8243; sticky_enabled=&#8221;0&#8243;]<\/p>\n<h2 data-start=\"297\" data-end=\"321\">POLITYKA PRYWATNO\u015aCI<\/h2>\n<p data-start=\"322\" data-end=\"344\"><strong data-start=\"322\" data-end=\"344\">krzysztofsmolen.pl<\/strong><\/p>\n<hr data-start=\"346\" data-end=\"349\" \/>\n<h3 data-start=\"351\" data-end=\"376\">1. Informacje og\u00f3lne<\/h3>\n<p data-start=\"378\" data-end=\"960\">1.1. Niniejsza Polityka Prywatno\u015bci okre\u015bla zasady przetwarzania danych osobowych u\u017cytkownik\u00f3w serwisu internetowego dost\u0119pnego pod adresem <strong data-start=\"518\" data-end=\"548\"><a data-start=\"520\" data-end=\"546\" rel=\"noopener\" target=\"_new\" class=\"decorated-link\" href=\"https:\/\/krzysztofsmolen.pl?utm_source=chatgpt.com\">https:\/\/krzysztofsmolen.pl<span aria-hidden=\"true\" class=\"ms-0.5 inline-block align-middle leading-none\"><svg xmlns=\"http:\/\/www.w3.org\/2000\/svg\" width=\"20\" height=\"20\" aria-hidden=\"true\" data-rtl-flip=\"\" class=\"block h-[0.75em] w-[0.75em] stroke-current stroke-[0.75]\"><use href=\"\/cdn\/assets\/sprites-core-i9agxugi.svg#304883\" fill=\"currentColor\"><\/use><\/svg><\/span><\/a><\/strong> (dalej: \u201eSerwis\u201d).<br data-start=\"567\" data-end=\"570\" \/>1.2. Administratorem danych osobowych jest <strong data-start=\"613\" data-end=\"633\">Krzysztof Smole\u0144<\/strong> (dalej: \u201eAdministrator\u201d).<br data-start=\"659\" data-end=\"662\" \/>1.3. Serwis ma charakter informacyjny, prezentacyjny oraz portfolio i stanowi cz\u0119\u015b\u0107 ekosystemu projekt\u00f3w realizowanych w ramach <strong data-start=\"790\" data-end=\"805\">GrapTime.pl<\/strong>.<br data-start=\"806\" data-end=\"809\" \/>1.4. Administrator dok\u0142ada szczeg\u00f3lnej staranno\u015bci w celu ochrony prywatno\u015bci u\u017cytkownik\u00f3w Serwisu oraz bezpiecze\u0144stwa przetwarzanych danych osobowych.<\/p>\n<hr data-start=\"962\" data-end=\"965\" \/>\n<h3 data-start=\"967\" data-end=\"1003\">2. Zakres przetwarzanych danych<\/h3>\n<p data-start=\"1005\" data-end=\"1181\">2.1. Administrator mo\u017ce przetwarza\u0107 dane osobowe u\u017cytkownik\u00f3w wy\u0142\u0105cznie w zakresie niezb\u0119dnym do prawid\u0142owego funkcjonowania Serwisu.<br data-start=\"1138\" data-end=\"1141\" \/>2.2. Przetwarzane dane mog\u0105 obejmowa\u0107:<\/p>\n<ul data-start=\"1182\" data-end=\"1522\">\n<li data-start=\"1182\" data-end=\"1309\">\n<p data-start=\"1184\" data-end=\"1309\">imi\u0119 i adres e-mail \u2013 w przypadku dobrowolnego kontaktu za po\u015brednictwem formularza kontaktowego lub poczty elektronicznej,<\/p>\n<\/li>\n<li data-start=\"1310\" data-end=\"1438\">\n<p data-start=\"1312\" data-end=\"1438\">adres IP oraz dane techniczne dotycz\u0105ce urz\u0105dzenia i przegl\u0105darki \u2013 gromadzone automatycznie w ramach korzystania z Serwisu,<\/p>\n<\/li>\n<li data-start=\"1439\" data-end=\"1522\">\n<p data-start=\"1441\" data-end=\"1522\">dane zawarte w plikach cookies \u2013 zgodnie z ustawieniami przegl\u0105darki u\u017cytkownika.<\/p>\n<\/li>\n<\/ul>\n<hr data-start=\"1524\" data-end=\"1527\" \/>\n<h3 data-start=\"1529\" data-end=\"1562\">3. Cele przetwarzania danych<\/h3>\n<p data-start=\"1564\" data-end=\"1636\">3.1. Dane osobowe u\u017cytkownik\u00f3w s\u0105 przetwarzane w nast\u0119puj\u0105cych celach:<\/p>\n<ul data-start=\"1637\" data-end=\"1844\">\n<li data-start=\"1637\" data-end=\"1687\">\n<p data-start=\"1639\" data-end=\"1687\">obs\u0142ugi zapyta\u0144 kierowanych do Administratora,<\/p>\n<\/li>\n<li data-start=\"1688\" data-end=\"1735\">\n<p data-start=\"1690\" data-end=\"1735\">zapewnienia prawid\u0142owego dzia\u0142ania Serwisu,<\/p>\n<\/li>\n<li data-start=\"1736\" data-end=\"1788\">\n<p data-start=\"1738\" data-end=\"1788\">poprawy jako\u015bci tre\u015bci i funkcjonowania Serwisu,<\/p>\n<\/li>\n<li data-start=\"1789\" data-end=\"1844\">\n<p data-start=\"1791\" data-end=\"1844\">realizacji obowi\u0105zk\u00f3w wynikaj\u0105cych z przepis\u00f3w prawa.<\/p>\n<\/li>\n<\/ul>\n<hr data-start=\"1846\" data-end=\"1849\" \/>\n<h3 data-start=\"1851\" data-end=\"1888\">4. Podstawa prawna przetwarzania<\/h3>\n<p data-start=\"1890\" data-end=\"1939\">4.1. Dane osobowe przetwarzane s\u0105 na podstawie:<\/p>\n<ul data-start=\"1940\" data-end=\"2201\">\n<li data-start=\"1940\" data-end=\"2004\">\n<p data-start=\"1942\" data-end=\"2004\">zgody u\u017cytkownika \u2013 w przypadku dobrowolnego podania danych,<\/p>\n<\/li>\n<li data-start=\"2005\" data-end=\"2106\">\n<p data-start=\"2007\" data-end=\"2106\">prawnie uzasadnionego interesu Administratora \u2013 w zakresie danych technicznych i organizacyjnych,<\/p>\n<\/li>\n<li data-start=\"2107\" data-end=\"2201\">\n<p data-start=\"2109\" data-end=\"2201\">obowi\u0105zuj\u0105cych przepis\u00f3w prawa \u2013 w zakresie, w jakim Administrator jest do tego zobowi\u0105zany.<\/p>\n<\/li>\n<\/ul>\n<hr data-start=\"2203\" data-end=\"2206\" \/>\n<h3 data-start=\"2208\" data-end=\"2229\">5. Pliki cookies<\/h3>\n<p data-start=\"2231\" data-end=\"2424\">5.1. Serwis wykorzystuje pliki cookies w celu zapewnienia prawid\u0142owego dzia\u0142ania strony oraz poprawy komfortu jej u\u017cytkowania.<br data-start=\"2357\" data-end=\"2360\" \/>5.2. Pliki cookies mog\u0105 by\u0107 wykorzystywane w szczeg\u00f3lno\u015bci do:<\/p>\n<ul data-start=\"2425\" data-end=\"2702\">\n<li data-start=\"2425\" data-end=\"2465\">\n<p data-start=\"2427\" data-end=\"2465\">zapami\u0119tywania ustawie\u0144 u\u017cytkownika,<\/p>\n<\/li>\n<li data-start=\"2466\" data-end=\"2505\">\n<p data-start=\"2468\" data-end=\"2505\">zapewnienia bezpiecze\u0144stwa Serwisu,<\/p>\n<\/li>\n<li data-start=\"2506\" data-end=\"2702\">\n<p data-start=\"2508\" data-end=\"2702\">prowadzenia anonimowych statystyk, je\u015bli takie narz\u0119dzia s\u0105 wykorzystywane.<br data-start=\"2583\" data-end=\"2586\" \/>5.3. U\u017cytkownik mo\u017ce w ka\u017cdej chwili zmieni\u0107 ustawienia dotycz\u0105ce plik\u00f3w cookies w swojej przegl\u0105darce internetowej.<\/p>\n<\/li>\n<\/ul>\n<hr data-start=\"2704\" data-end=\"2707\" \/>\n<h3 data-start=\"2709\" data-end=\"2737\">6. Udost\u0119pnianie danych<\/h3>\n<p data-start=\"2739\" data-end=\"2833\">6.1. Administrator nie przekazuje danych osobowych u\u017cytkownik\u00f3w podmiotom trzecim, chyba \u017ce:<\/p>\n<ul data-start=\"2834\" data-end=\"3028\">\n<li data-start=\"2834\" data-end=\"2868\">\n<p data-start=\"2836\" data-end=\"2868\">u\u017cytkownik wyrazi na to zgod\u0119,<\/p>\n<\/li>\n<li data-start=\"2869\" data-end=\"2927\">\n<p data-start=\"2871\" data-end=\"2927\">obowi\u0105zek przekazania danych wynika z przepis\u00f3w prawa,<\/p>\n<\/li>\n<li data-start=\"2928\" data-end=\"3028\">\n<p data-start=\"2930\" data-end=\"3028\">przekazanie danych jest niezb\u0119dne do prawid\u0142owego funkcjonowania Serwisu (np. obs\u0142uga techniczna).<\/p>\n<\/li>\n<\/ul>\n<hr data-start=\"3030\" data-end=\"3033\" \/>\n<h3 data-start=\"3035\" data-end=\"3060\">7. Prawa u\u017cytkownika<\/h3>\n<p data-start=\"3062\" data-end=\"3092\">7.1. U\u017cytkownik ma prawo do:<\/p>\n<ul data-start=\"3093\" data-end=\"3455\">\n<li data-start=\"3093\" data-end=\"3132\">\n<p data-start=\"3095\" data-end=\"3132\">dost\u0119pu do swoich danych osobowych,<\/p>\n<\/li>\n<li data-start=\"3133\" data-end=\"3153\">\n<p data-start=\"3135\" data-end=\"3153\">ich poprawiania,<\/p>\n<\/li>\n<li data-start=\"3154\" data-end=\"3183\">\n<p data-start=\"3156\" data-end=\"3183\">\u017c\u0105dania usuni\u0119cia danych,<\/p>\n<\/li>\n<li data-start=\"3184\" data-end=\"3222\">\n<p data-start=\"3186\" data-end=\"3222\">ograniczenia przetwarzania danych,<\/p>\n<\/li>\n<li data-start=\"3223\" data-end=\"3275\">\n<p data-start=\"3225\" data-end=\"3275\">wniesienia sprzeciwu wobec przetwarzania danych,<\/p>\n<\/li>\n<li data-start=\"3276\" data-end=\"3455\">\n<p data-start=\"3278\" data-end=\"3455\">przenoszenia danych \u2013 w przypadkach przewidzianych przepisami prawa.<br data-start=\"3346\" data-end=\"3349\" \/>7.2. W celu realizacji swoich praw u\u017cytkownik mo\u017ce skontaktowa\u0107 si\u0119 z Administratorem drog\u0105 elektroniczn\u0105.<\/p>\n<\/li>\n<\/ul>\n<hr data-start=\"3457\" data-end=\"3460\" \/>\n<h3 data-start=\"3462\" data-end=\"3491\">8. Bezpiecze\u0144stwo danych<\/h3>\n<p data-start=\"3493\" data-end=\"3745\">8.1. Administrator stosuje odpowiednie \u015brodki techniczne i organizacyjne w celu ochrony danych osobowych przed ich utrat\u0105, nieuprawnionym dost\u0119pem lub naruszeniem.<br data-start=\"3656\" data-end=\"3659\" \/>8.2. Dost\u0119p do danych osobowych maj\u0105 wy\u0142\u0105cznie osoby upowa\u017cnione przez Administratora.<\/p>\n<hr data-start=\"3747\" data-end=\"3750\" \/>\n<h3 data-start=\"3752\" data-end=\"3781\">9. Postanowienia ko\u0144cowe<\/h3>\n<p data-start=\"3783\" data-end=\"4079\">9.1. Administrator zastrzega sobie prawo do wprowadzania zmian w niniejszej Polityce Prywatno\u015bci.<br data-start=\"3880\" data-end=\"3883\" \/>9.2. Zmiany wchodz\u0105 w \u017cycie z chwil\u0105 ich opublikowania w Serwisie.<br data-start=\"3949\" data-end=\"3952\" \/>9.3. W sprawach nieuregulowanych niniejsz\u0105 Polityk\u0105 Prywatno\u015bci zastosowanie maj\u0105 przepisy prawa polskiego oraz regulacje RODO.<\/p>\n<p>[\/et_pb_text][\/et_pb_column][\/et_pb_row][\/et_pb_section]<\/p>\n","protected":false},"excerpt":{"rendered":"<p>POLITYKA PRYWATNO\u015aCI krzysztofsmolen.pl 1. Informacje og\u00f3lne 1.1. Niniejsza Polityka Prywatno\u015bci okre\u015bla zasady przetwarzania danych osobowych u\u017cytkownik\u00f3w serwisu internetowego dost\u0119pnego pod adresem https:\/\/krzysztofsmolen.pl (dalej: \u201eSerwis\u201d).1.2. Administratorem danych osobowych jest Krzysztof Smole\u0144 (dalej: \u201eAdministrator\u201d).1.3. Serwis ma charakter informacyjny, prezentacyjny oraz portfolio i stanowi cz\u0119\u015b\u0107 ekosystemu projekt\u00f3w realizowanych w ramach GrapTime.pl.1.4. Administrator dok\u0142ada szczeg\u00f3lnej staranno\u015bci w celu ochrony [&hellip;]<\/p>\n","protected":false},"author":1,"featured_media":0,"parent":0,"menu_order":0,"comment_status":"closed","ping_status":"closed","template":"","meta":{"_et_pb_use_builder":"on","_et_pb_old_content":"","_et_gb_content_width":"","footnotes":""},"class_list":["post-503","page","type-page","status-publish","hentry"],"_links":{"self":[{"href":"https:\/\/krzysztofsmolen.pl\/index.php\/wp-json\/wp\/v2\/pages\/503","targetHints":{"allow":["GET"]}}],"collection":[{"href":"https:\/\/krzysztofsmolen.pl\/index.php\/wp-json\/wp\/v2\/pages"}],"about":[{"href":"https:\/\/krzysztofsmolen.pl\/index.php\/wp-json\/wp\/v2\/types\/page"}],"author":[{"embeddable":true,"href":"https:\/\/krzysztofsmolen.pl\/index.php\/wp-json\/wp\/v2\/users\/1"}],"replies":[{"embeddable":true,"href":"https:\/\/krzysztofsmolen.pl\/index.php\/wp-json\/wp\/v2\/comments?post=503"}],"version-history":[{"count":3,"href":"https:\/\/krzysztofsmolen.pl\/index.php\/wp-json\/wp\/v2\/pages\/503\/revisions"}],"predecessor-version":[{"id":506,"href":"https:\/\/krzysztofsmolen.pl\/index.php\/wp-json\/wp\/v2\/pages\/503\/revisions\/506"}],"wp:attachment":[{"href":"https:\/\/krzysztofsmolen.pl\/index.php\/wp-json\/wp\/v2\/media?parent=503"}],"curies":[{"name":"wp","href":"https:\/\/api.w.org\/{rel}","templated":true}]}}